{"id":7140,"date":"2023-10-12T21:06:59","date_gmt":"2023-10-12T19:06:59","guid":{"rendered":"https:\/\/theoremofjoy.com\/albumes\/"},"modified":"2026-01-07T23:44:18","modified_gmt":"2026-01-07T22:44:18","slug":"albumes","status":"publish","type":"page","link":"https:\/\/theoremofjoy.com\/es\/albumes\/","title":{"rendered":"\u00c1lbumes"},"content":{"rendered":"\t\t<div data-elementor-type=\"wp-page\" data-elementor-id=\"7140\" class=\"elementor elementor-7140 elementor-49\" data-elementor-post-type=\"page\">\n\t\t\t\t\t\t\t<div class=\"elementor-element elementor-element-3004d72 e-con-full e-flex e-con e-parent\" data-id=\"3004d72\" data-element_type=\"container\" data-settings=\"{&quot;content_width&quot;:&quot;full&quot;}\" data-core-v316-plus=\"true\">\n\t\t\t\t<\/div>\n\t\t<div class=\"elementor-element elementor-element-a60489e e-con-full e-flex e-con e-parent\" data-id=\"a60489e\" data-element_type=\"container\" data-settings=\"{&quot;content_width&quot;:&quot;full&quot;}\" data-core-v316-plus=\"true\">\n\t\t\t\t<div class=\"elementor-element elementor-element-973dadd elementor-widget elementor-widget-heading\" data-id=\"973dadd\" data-element_type=\"widget\" data-widget_type=\"heading.default\">\n\t\t\t\t<div class=\"elementor-widget-container\">\n\t\t\t<style>\/*! elementor - v3.17.0 - 08-11-2023 *\/\n.elementor-heading-title{padding:0;margin:0;line-height:1}.elementor-widget-heading .elementor-heading-title[class*=elementor-size-]>a{color:inherit;font-size:inherit;line-height:inherit}.elementor-widget-heading .elementor-heading-title.elementor-size-small{font-size:15px}.elementor-widget-heading .elementor-heading-title.elementor-size-medium{font-size:19px}.elementor-widget-heading .elementor-heading-title.elementor-size-large{font-size:29px}.elementor-widget-heading .elementor-heading-title.elementor-size-xl{font-size:39px}.elementor-widget-heading .elementor-heading-title.elementor-size-xxl{font-size:59px}<\/style><h2 class=\"elementor-heading-title elementor-size-default\">Sencillos<\/h2>\t\t<\/div>\n\t\t\t\t<\/div>\n\t\t\t\t<\/div>\n\t\t<div class=\"elementor-element elementor-element-0e8a41d e-flex e-con-boxed e-con e-parent\" data-id=\"0e8a41d\" data-element_type=\"container\" data-settings=\"{&quot;background_background&quot;:&quot;classic&quot;,&quot;content_width&quot;:&quot;boxed&quot;}\" data-core-v316-plus=\"true\">\n\t\t\t\t\t<div class=\"e-con-inner\">\n\t\t<div class=\"elementor-element elementor-element-00ee15a e-con-full e-flex e-con e-child\" data-id=\"00ee15a\" data-element_type=\"container\" data-settings=\"{&quot;content_width&quot;:&quot;full&quot;}\">\n\t\t\t\t<div class=\"elementor-element elementor-element-2d76383 elementor-widget elementor-widget-image\" data-id=\"2d76383\" data-element_type=\"widget\" data-widget_type=\"image.default\">\n\t\t\t\t<div class=\"elementor-widget-container\">\n\t\t\t<style>\/*! elementor - v3.17.0 - 08-11-2023 *\/\n.elementor-widget-image{text-align:center}.elementor-widget-image a{display:inline-block}.elementor-widget-image a img[src$=\".svg\"]{width:48px}.elementor-widget-image img{vertical-align:middle;display:inline-block}<\/style>\t\t\t\t\t\t\t\t\t\t\t\t<img decoding=\"async\" width=\"800\" height=\"787\" src=\"https:\/\/theoremofjoy.com\/wp-content\/uploads\/2023\/10\/relax-1024x1007.jpg\" class=\"attachment-large size-large wp-image-330\" alt=\"Relax if you can EP\" srcset=\"https:\/\/theoremofjoy.com\/wp-content\/uploads\/2023\/10\/relax-1024x1007.jpg 1024w, https:\/\/theoremofjoy.com\/wp-content\/uploads\/2023\/10\/relax-300x295.jpg 300w, https:\/\/theoremofjoy.com\/wp-content\/uploads\/2023\/10\/relax-768x755.jpg 768w, https:\/\/theoremofjoy.com\/wp-content\/uploads\/2023\/10\/relax.jpg 1200w\" sizes=\"(max-width: 800px) 100vw, 800px\" \/>\t\t\t\t\t\t\t\t\t\t\t\t\t\t\t<\/div>\n\t\t\t\t<\/div>\n\t\t\t\t<\/div>\n\t\t<div class=\"elementor-element elementor-element-2c9624f e-con-full e-flex e-con e-child\" data-id=\"2c9624f\" data-element_type=\"container\" data-settings=\"{&quot;content_width&quot;:&quot;full&quot;}\">\n\t\t\t\t<div class=\"elementor-element elementor-element-2bec303 elementor-widget elementor-widget-heading\" data-id=\"2bec303\" data-element_type=\"widget\" data-widget_type=\"heading.default\">\n\t\t\t\t<div class=\"elementor-widget-container\">\n\t\t\t<h2 class=\"elementor-heading-title elementor-size-default\">Relax if you can<\/h2>\t\t<\/div>\n\t\t\t\t<\/div>\n\t\t\t\t<div class=\"elementor-element elementor-element-fa3cd53 elementor-widget elementor-widget-heading\" data-id=\"fa3cd53\" data-element_type=\"widget\" data-widget_type=\"heading.default\">\n\t\t\t\t<div class=\"elementor-widget-container\">\n\t\t\t<h2 class=\"elementor-heading-title elementor-size-default\"> EP<\/h2>\t\t<\/div>\n\t\t\t\t<\/div>\n\t\t\t\t<div class=\"elementor-element elementor-element-e4588cc elementor-widget elementor-widget-text-editor\" data-id=\"e4588cc\" data-element_type=\"widget\" data-widget_type=\"text-editor.default\">\n\t\t\t\t<div class=\"elementor-widget-container\">\n\t\t\t<style>\/*! elementor - v3.17.0 - 08-11-2023 *\/\n.elementor-widget-text-editor.elementor-drop-cap-view-stacked .elementor-drop-cap{background-color:#69727d;color:#fff}.elementor-widget-text-editor.elementor-drop-cap-view-framed .elementor-drop-cap{color:#69727d;border:3px solid;background-color:transparent}.elementor-widget-text-editor:not(.elementor-drop-cap-view-default) .elementor-drop-cap{margin-top:8px}.elementor-widget-text-editor:not(.elementor-drop-cap-view-default) .elementor-drop-cap-letter{width:1em;height:1em}.elementor-widget-text-editor .elementor-drop-cap{float:left;text-align:center;line-height:1;font-size:50px}.elementor-widget-text-editor .elementor-drop-cap-letter{display:inline-block}<\/style>\t\t\t\t<p>Theorem of Joy: Primer EP (2016)<\/p>\n\t\t\t\t\t\t<\/div>\n\t\t\t\t<\/div>\n\t\t\t\t<div class=\"elementor-element elementor-element-e586c58 elementor-widget elementor-widget-button\" data-id=\"e586c58\" data-element_type=\"widget\" data-widget_type=\"button.default\">\n\t\t\t\t<div class=\"elementor-widget-container\">\n\t\t\t\t\t<div class=\"elementor-button-wrapper\">\n\t\t\t<a class=\"elementor-button elementor-button-link elementor-size-xs\" href=\"https:\/\/theoremofjoy.bandcamp.com\/album\/relax-if-you-can-ep\">\n\t\t\t\t\t\t<span class=\"elementor-button-content-wrapper\">\n\t\t\t\t\t\t<span class=\"elementor-button-text\">Mostrar m\u00e1s<\/span>\n\t\t<\/span>\n\t\t\t\t\t<\/a>\n\t\t<\/div>\n\t\t\t\t<\/div>\n\t\t\t\t<\/div>\n\t\t\t\t<\/div>\n\t\t\t\t\t<\/div>\n\t\t\t\t<\/div>\n\t\t<div class=\"elementor-element elementor-element-b99fc22 e-flex e-con-boxed e-con e-parent\" data-id=\"b99fc22\" data-element_type=\"container\" data-settings=\"{&quot;background_background&quot;:&quot;classic&quot;,&quot;content_width&quot;:&quot;boxed&quot;}\" data-core-v316-plus=\"true\">\n\t\t\t\t\t<div class=\"e-con-inner\">\n\t\t\t\t<div class=\"elementor-element elementor-element-711674d elementor-widget elementor-widget-heading\" data-id=\"711674d\" data-element_type=\"widget\" data-widget_type=\"heading.default\">\n\t\t\t\t<div class=\"elementor-widget-container\">\n\t\t\t<h3 class=\"elementor-heading-title elementor-size-default\">\u00a1Apoya a la banda, compra nuestra m\u00fasica!<\/h3>\t\t<\/div>\n\t\t\t\t<\/div>\n\t\t\t\t<div class=\"elementor-element elementor-element-594cd94 elementor-widget elementor-widget-button\" data-id=\"594cd94\" data-element_type=\"widget\" data-widget_type=\"button.default\">\n\t\t\t\t<div class=\"elementor-widget-container\">\n\t\t\t\t\t<div class=\"elementor-button-wrapper\">\n\t\t\t<a class=\"elementor-button elementor-button-link elementor-size-md\" href=\"https:\/\/theoremofjoy.bandcamp.com\/\">\n\t\t\t\t\t\t<span class=\"elementor-button-content-wrapper\">\n\t\t\t\t\t\t<span class=\"elementor-button-text\">BANDCAMP<\/span>\n\t\t<\/span>\n\t\t\t\t\t<\/a>\n\t\t<\/div>\n\t\t\t\t<\/div>\n\t\t\t\t<\/div>\n\t\t\t\t\t<\/div>\n\t\t\t\t<\/div>\n\t\t\t\t\t\t\t<\/div>\n\t\t","protected":false},"excerpt":{"rendered":"<p>Sencillos Relax if you can EP Theorem of Joy: Primer EP (2016) Mostrar m\u00e1s \u00a1Apoya a la banda, compra nuestra m\u00fasica! BANDCAMP<\/p>\n","protected":false},"author":2,"featured_media":0,"parent":0,"menu_order":0,"comment_status":"closed","ping_status":"closed","template":"","meta":{"footnotes":""},"class_list":["post-7140","page","type-page","status-publish","hentry"],"yoast_head":"<!-- This site is optimized with the Yoast SEO plugin v25.5 - https:\/\/yoast.com\/wordpress\/plugins\/seo\/ -->\n<title>\u00c1lbumes\uff5cTheorem Of Joy: Lanzamiento del nuevo \u00e1lbum el 19 de septiembre de 2025<\/title>\n<meta name=\"description\" content=\"\u00c1lbumes, EP y Sencillos: Descubre la discograf\u00eda completa: \u2018Relax if you can\u2019, el \u00e1lbum debut \u2018Theorem Of Joy\u2019 (2019), \u2018L\u2019Hiver\u2019 (2021). \u2018Feux\u2019, lanzado el 19 de septiembre de 2025\" \/>\n<meta name=\"robots\" content=\"index, follow, max-snippet:-1, max-image-preview:large, max-video-preview:-1\" \/>\n<link rel=\"canonical\" href=\"https:\/\/theoremofjoy.com\/es\/albumes\/\" \/>\n<meta property=\"og:locale\" content=\"es_ES\" \/>\n<meta property=\"og:type\" content=\"article\" \/>\n<meta property=\"og:title\" content=\"\u00c1lbumes\uff5cTheorem Of Joy: Lanzamiento del nuevo \u00e1lbum el 19 de septiembre de 2025\" \/>\n<meta property=\"og:description\" content=\"\u00c1lbumes, EP y Sencillos: Descubre la discograf\u00eda completa: \u2018Relax if you can\u2019, el \u00e1lbum debut \u2018Theorem Of Joy\u2019 (2019), \u2018L\u2019Hiver\u2019 (2021). \u2018Feux\u2019, lanzado el 19 de septiembre de 2025\" \/>\n<meta property=\"og:url\" content=\"https:\/\/theoremofjoy.com\/es\/albumes\/\" \/>\n<meta property=\"og:site_name\" content=\"Theorem Of Joy\" \/>\n<meta property=\"article:publisher\" content=\"https:\/\/www.facebook.com\/Theoremofjoy\/\" \/>\n<meta property=\"article:modified_time\" content=\"2026-01-07T22:44:18+00:00\" \/>\n<meta property=\"og:image\" content=\"https:\/\/theoremofjoy.com\/wp-content\/uploads\/2023\/10\/relax-1024x1007.jpg\" \/>\n<meta name=\"twitter:card\" content=\"summary_large_image\" \/>\n<meta name=\"twitter:site\" content=\"@TheoremOfJoy\" \/>\n<script type=\"application\/ld+json\" class=\"yoast-schema-graph\">{\"@context\":\"https:\/\/schema.org\",\"@graph\":[{\"@type\":\"WebPage\",\"@id\":\"https:\/\/theoremofjoy.com\/es\/albumes\/\",\"url\":\"https:\/\/theoremofjoy.com\/es\/albumes\/\",\"name\":\"\u00c1lbumes\uff5cTheorem Of Joy: Lanzamiento del nuevo \u00e1lbum el 19 de septiembre de 2025\",\"isPartOf\":{\"@id\":\"https:\/\/theoremofjoy.com\/#website\"},\"primaryImageOfPage\":{\"@id\":\"https:\/\/theoremofjoy.com\/es\/albumes\/#primaryimage\"},\"image\":{\"@id\":\"https:\/\/theoremofjoy.com\/es\/albumes\/#primaryimage\"},\"thumbnailUrl\":\"https:\/\/theoremofjoy.com\/wp-content\/uploads\/2023\/10\/relax-1024x1007.jpg\",\"datePublished\":\"2023-10-12T19:06:59+00:00\",\"dateModified\":\"2026-01-07T22:44:18+00:00\",\"description\":\"\u00c1lbumes, EP y Sencillos: Descubre la discograf\u00eda completa: \u2018Relax if you can\u2019, el \u00e1lbum debut \u2018Theorem Of Joy\u2019 (2019), \u2018L\u2019Hiver\u2019 (2021). \u2018Feux\u2019, lanzado el 19 de septiembre de 2025\",\"breadcrumb\":{\"@id\":\"https:\/\/theoremofjoy.com\/es\/albumes\/#breadcrumb\"},\"inLanguage\":\"es\",\"potentialAction\":[{\"@type\":\"ReadAction\",\"target\":[\"https:\/\/theoremofjoy.com\/es\/albumes\/\"]}]},{\"@type\":\"ImageObject\",\"inLanguage\":\"es\",\"@id\":\"https:\/\/theoremofjoy.com\/es\/albumes\/#primaryimage\",\"url\":\"https:\/\/theoremofjoy.com\/wp-content\/uploads\/2023\/10\/relax-1024x1007.jpg\",\"contentUrl\":\"https:\/\/theoremofjoy.com\/wp-content\/uploads\/2023\/10\/relax-1024x1007.jpg\"},{\"@type\":\"BreadcrumbList\",\"@id\":\"https:\/\/theoremofjoy.com\/es\/albumes\/#breadcrumb\",\"itemListElement\":[{\"@type\":\"ListItem\",\"position\":1,\"name\":\"Home\",\"item\":\"https:\/\/theoremofjoy.com\/es\/\"},{\"@type\":\"ListItem\",\"position\":2,\"name\":\"\u00c1lbumes\"}]},{\"@type\":\"WebSite\",\"@id\":\"https:\/\/theoremofjoy.com\/#website\",\"url\":\"https:\/\/theoremofjoy.com\/\",\"name\":\"Theorem Of Joy\",\"description\":\"Theorem Of Joy - Official Website\",\"publisher\":{\"@id\":\"https:\/\/theoremofjoy.com\/#organization\"},\"alternateName\":\"Theorem Of Joy - Dysnomia\",\"potentialAction\":[{\"@type\":\"SearchAction\",\"target\":{\"@type\":\"EntryPoint\",\"urlTemplate\":\"https:\/\/theoremofjoy.com\/?s={search_term_string}\"},\"query-input\":{\"@type\":\"PropertyValueSpecification\",\"valueRequired\":true,\"valueName\":\"search_term_string\"}}],\"inLanguage\":\"es\"},{\"@type\":\"Organization\",\"@id\":\"https:\/\/theoremofjoy.com\/#organization\",\"name\":\"Theorem Of Joy\",\"alternateName\":\"Theorem Of Joy - Dysnomia\",\"url\":\"https:\/\/theoremofjoy.com\/\",\"logo\":{\"@type\":\"ImageObject\",\"inLanguage\":\"es\",\"@id\":\"https:\/\/theoremofjoy.com\/#\/schema\/logo\/image\/\",\"url\":\"https:\/\/theoremofjoy.com\/wp-content\/uploads\/2024\/07\/PHOTO-2024-05-30-22-17-391.jpg\",\"contentUrl\":\"https:\/\/theoremofjoy.com\/wp-content\/uploads\/2024\/07\/PHOTO-2024-05-30-22-17-391.jpg\",\"width\":2048,\"height\":1563,\"caption\":\"Theorem Of Joy\"},\"image\":{\"@id\":\"https:\/\/theoremofjoy.com\/#\/schema\/logo\/image\/\"},\"sameAs\":[\"https:\/\/www.facebook.com\/Theoremofjoy\/\",\"https:\/\/x.com\/TheoremOfJoy\",\"https:\/\/www.instagram.com\/theoremofjoy\",\"https:\/\/www.youtube.com\/channel\/UC6KjPxobI92uPOXh04Pvn6g\"]}]}<\/script>\n<!-- \/ Yoast SEO plugin. -->","yoast_head_json":{"title":"\u00c1lbumes\uff5cTheorem Of Joy: Lanzamiento del nuevo \u00e1lbum el 19 de septiembre de 2025","description":"\u00c1lbumes, EP y Sencillos: Descubre la discograf\u00eda completa: \u2018Relax if you can\u2019, el \u00e1lbum debut \u2018Theorem Of Joy\u2019 (2019), \u2018L\u2019Hiver\u2019 (2021). \u2018Feux\u2019, lanzado el 19 de septiembre de 2025","robots":{"index":"index","follow":"follow","max-snippet":"max-snippet:-1","max-image-preview":"max-image-preview:large","max-video-preview":"max-video-preview:-1"},"canonical":"https:\/\/theoremofjoy.com\/es\/albumes\/","og_locale":"es_ES","og_type":"article","og_title":"\u00c1lbumes\uff5cTheorem Of Joy: Lanzamiento del nuevo \u00e1lbum el 19 de septiembre de 2025","og_description":"\u00c1lbumes, EP y Sencillos: Descubre la discograf\u00eda completa: \u2018Relax if you can\u2019, el \u00e1lbum debut \u2018Theorem Of Joy\u2019 (2019), \u2018L\u2019Hiver\u2019 (2021). \u2018Feux\u2019, lanzado el 19 de septiembre de 2025","og_url":"https:\/\/theoremofjoy.com\/es\/albumes\/","og_site_name":"Theorem Of Joy","article_publisher":"https:\/\/www.facebook.com\/Theoremofjoy\/","article_modified_time":"2026-01-07T22:44:18+00:00","og_image":[{"url":"https:\/\/theoremofjoy.com\/wp-content\/uploads\/2023\/10\/relax-1024x1007.jpg","type":"","width":"","height":""}],"twitter_card":"summary_large_image","twitter_site":"@TheoremOfJoy","schema":{"@context":"https:\/\/schema.org","@graph":[{"@type":"WebPage","@id":"https:\/\/theoremofjoy.com\/es\/albumes\/","url":"https:\/\/theoremofjoy.com\/es\/albumes\/","name":"\u00c1lbumes\uff5cTheorem Of Joy: Lanzamiento del nuevo \u00e1lbum el 19 de septiembre de 2025","isPartOf":{"@id":"https:\/\/theoremofjoy.com\/#website"},"primaryImageOfPage":{"@id":"https:\/\/theoremofjoy.com\/es\/albumes\/#primaryimage"},"image":{"@id":"https:\/\/theoremofjoy.com\/es\/albumes\/#primaryimage"},"thumbnailUrl":"https:\/\/theoremofjoy.com\/wp-content\/uploads\/2023\/10\/relax-1024x1007.jpg","datePublished":"2023-10-12T19:06:59+00:00","dateModified":"2026-01-07T22:44:18+00:00","description":"\u00c1lbumes, EP y Sencillos: Descubre la discograf\u00eda completa: \u2018Relax if you can\u2019, el \u00e1lbum debut \u2018Theorem Of Joy\u2019 (2019), \u2018L\u2019Hiver\u2019 (2021). \u2018Feux\u2019, lanzado el 19 de septiembre de 2025","breadcrumb":{"@id":"https:\/\/theoremofjoy.com\/es\/albumes\/#breadcrumb"},"inLanguage":"es","potentialAction":[{"@type":"ReadAction","target":["https:\/\/theoremofjoy.com\/es\/albumes\/"]}]},{"@type":"ImageObject","inLanguage":"es","@id":"https:\/\/theoremofjoy.com\/es\/albumes\/#primaryimage","url":"https:\/\/theoremofjoy.com\/wp-content\/uploads\/2023\/10\/relax-1024x1007.jpg","contentUrl":"https:\/\/theoremofjoy.com\/wp-content\/uploads\/2023\/10\/relax-1024x1007.jpg"},{"@type":"BreadcrumbList","@id":"https:\/\/theoremofjoy.com\/es\/albumes\/#breadcrumb","itemListElement":[{"@type":"ListItem","position":1,"name":"Home","item":"https:\/\/theoremofjoy.com\/es\/"},{"@type":"ListItem","position":2,"name":"\u00c1lbumes"}]},{"@type":"WebSite","@id":"https:\/\/theoremofjoy.com\/#website","url":"https:\/\/theoremofjoy.com\/","name":"Theorem Of Joy","description":"Theorem Of Joy - Official Website","publisher":{"@id":"https:\/\/theoremofjoy.com\/#organization"},"alternateName":"Theorem Of Joy - Dysnomia","potentialAction":[{"@type":"SearchAction","target":{"@type":"EntryPoint","urlTemplate":"https:\/\/theoremofjoy.com\/?s={search_term_string}"},"query-input":{"@type":"PropertyValueSpecification","valueRequired":true,"valueName":"search_term_string"}}],"inLanguage":"es"},{"@type":"Organization","@id":"https:\/\/theoremofjoy.com\/#organization","name":"Theorem Of Joy","alternateName":"Theorem Of Joy - Dysnomia","url":"https:\/\/theoremofjoy.com\/","logo":{"@type":"ImageObject","inLanguage":"es","@id":"https:\/\/theoremofjoy.com\/#\/schema\/logo\/image\/","url":"https:\/\/theoremofjoy.com\/wp-content\/uploads\/2024\/07\/PHOTO-2024-05-30-22-17-391.jpg","contentUrl":"https:\/\/theoremofjoy.com\/wp-content\/uploads\/2024\/07\/PHOTO-2024-05-30-22-17-391.jpg","width":2048,"height":1563,"caption":"Theorem Of Joy"},"image":{"@id":"https:\/\/theoremofjoy.com\/#\/schema\/logo\/image\/"},"sameAs":["https:\/\/www.facebook.com\/Theoremofjoy\/","https:\/\/x.com\/TheoremOfJoy","https:\/\/www.instagram.com\/theoremofjoy","https:\/\/www.youtube.com\/channel\/UC6KjPxobI92uPOXh04Pvn6g"]}]}},"_links":{"self":[{"href":"https:\/\/theoremofjoy.com\/es\/wp-json\/wp\/v2\/pages\/7140","targetHints":{"allow":["GET"]}}],"collection":[{"href":"https:\/\/theoremofjoy.com\/es\/wp-json\/wp\/v2\/pages"}],"about":[{"href":"https:\/\/theoremofjoy.com\/es\/wp-json\/wp\/v2\/types\/page"}],"author":[{"embeddable":true,"href":"https:\/\/theoremofjoy.com\/es\/wp-json\/wp\/v2\/users\/2"}],"replies":[{"embeddable":true,"href":"https:\/\/theoremofjoy.com\/es\/wp-json\/wp\/v2\/comments?post=7140"}],"version-history":[{"count":3,"href":"https:\/\/theoremofjoy.com\/es\/wp-json\/wp\/v2\/pages\/7140\/revisions"}],"predecessor-version":[{"id":7143,"href":"https:\/\/theoremofjoy.com\/es\/wp-json\/wp\/v2\/pages\/7140\/revisions\/7143"}],"wp:attachment":[{"href":"https:\/\/theoremofjoy.com\/es\/wp-json\/wp\/v2\/media?parent=7140"}],"curies":[{"name":"wp","href":"https:\/\/api.w.org\/{rel}","templated":true}]}}